{"id":18782,"date":"2026-05-05T15:09:33","date_gmt":"2026-05-05T13:09:33","guid":{"rendered":"https:\/\/jaktmarknad.se\/?post_type=product&#038;p=18782"},"modified":"2026-05-06T17:22:33","modified_gmt":"2026-05-06T15:22:33","slug":"spannande-jaktmark-pa-390ha-i-norrkopings-kommun","status":"publish","type":"product","link":"https:\/\/jaktmarknad.se\/en\/annonser\/spannande-jaktmark-pa-390ha-i-norrkopings-kommun\/","title":{"rendered":"Sp\u00e4nnande jaktmark p\u00e5 390ha i Norrk\u00f6pings kommun"},"content":{"rendered":"","protected":false},"excerpt":{"rendered":"","protected":false},"featured_media":18783,"comment_status":"closed","ping_status":"closed","template":"","meta":{"_acf_changed":false},"product_brand":[],"product_cat":[15],"product_tag":[],"jakttyp":[30],"vilttillgang":[19,20,22,23,24,21],"omrade":[],"class_list":{"0":"post-18782","1":"product","2":"type-product","3":"status-publish","4":"has-post-thumbnail","6":"product_cat-okategoriserad","7":"jakttyp-jaktrattsupplatelse","8":"vilttillgang-alg","9":"vilttillgang-dovvilt","10":"vilttillgang-kronvilt","11":"vilttillgang-radjur","12":"vilttillgang-smavilt","13":"vilttillgang-vildsvin","15":"first","16":"instock","17":"sold-individually","18":"taxable","19":"shipping-taxable","20":"purchasable","21":"product-type-auction"},"acf":[],"publishpress_future_workflow_manual_trigger":{"enabledWorkflows":[]},"_links":{"self":[{"href":"https:\/\/jaktmarknad.se\/en\/wp-json\/wp\/v2\/product\/18782","targetHints":{"allow":["GET"]}}],"collection":[{"href":"https:\/\/jaktmarknad.se\/en\/wp-json\/wp\/v2\/product"}],"about":[{"href":"https:\/\/jaktmarknad.se\/en\/wp-json\/wp\/v2\/types\/product"}],"replies":[{"embeddable":true,"href":"https:\/\/jaktmarknad.se\/en\/wp-json\/wp\/v2\/comments?post=18782"}],"version-history":[{"count":9,"href":"https:\/\/jaktmarknad.se\/en\/wp-json\/wp\/v2\/product\/18782\/revisions"}],"predecessor-version":[{"id":18817,"href":"https:\/\/jaktmarknad.se\/en\/wp-json\/wp\/v2\/product\/18782\/revisions\/18817"}],"wp:featuredmedia":[{"embeddable":true,"href":"https:\/\/jaktmarknad.se\/en\/wp-json\/wp\/v2\/media\/18783"}],"wp:attachment":[{"href":"https:\/\/jaktmarknad.se\/en\/wp-json\/wp\/v2\/media?parent=18782"}],"wp:term":[{"taxonomy":"product_brand","embeddable":true,"href":"https:\/\/jaktmarknad.se\/en\/wp-json\/wp\/v2\/product_brand?post=18782"},{"taxonomy":"product_cat","embeddable":true,"href":"https:\/\/jaktmarknad.se\/en\/wp-json\/wp\/v2\/product_cat?post=18782"},{"taxonomy":"product_tag","embeddable":true,"href":"https:\/\/jaktmarknad.se\/en\/wp-json\/wp\/v2\/product_tag?post=18782"},{"taxonomy":"jakttyp","embeddable":true,"href":"https:\/\/jaktmarknad.se\/en\/wp-json\/wp\/v2\/jakttyp?post=18782"},{"taxonomy":"vilttillgang","embeddable":true,"href":"https:\/\/jaktmarknad.se\/en\/wp-json\/wp\/v2\/vilttillgang?post=18782"},{"taxonomy":"omrade","embeddable":true,"href":"https:\/\/jaktmarknad.se\/en\/wp-json\/wp\/v2\/omrade?post=18782"}],"curies":[{"name":"wp","href":"https:\/\/api.w.org\/{rel}","templated":true}]}}