{"id":18641,"date":"2026-04-22T10:06:44","date_gmt":"2026-04-22T08:06:44","guid":{"rendered":"https:\/\/jaktmarknad.se\/?post_type=product&#038;p=18641"},"modified":"2026-04-23T12:15:28","modified_gmt":"2026-04-23T10:15:28","slug":"jaktmark-pa-152ha-i-orebro-lan","status":"publish","type":"product","link":"https:\/\/jaktmarknad.se\/en\/annonser\/jaktmark-pa-152ha-i-orebro-lan\/","title":{"rendered":"Jaktmark p\u00e5 152ha i \u00d6rebro L\u00e4n"},"content":{"rendered":"","protected":false},"excerpt":{"rendered":"","protected":false},"featured_media":18642,"comment_status":"closed","ping_status":"closed","template":"","meta":{"_acf_changed":false},"product_brand":[],"product_cat":[15],"product_tag":[],"jakttyp":[30],"vilttillgang":[19,20,22,23,24,21],"omrade":[],"class_list":{"0":"post-18641","1":"product","2":"type-product","3":"status-publish","4":"has-post-thumbnail","6":"product_cat-okategoriserad","7":"jakttyp-jaktrattsupplatelse","8":"vilttillgang-alg","9":"vilttillgang-dovvilt","10":"vilttillgang-kronvilt","11":"vilttillgang-radjur","12":"vilttillgang-smavilt","13":"vilttillgang-vildsvin","15":"first","16":"instock","17":"sold-individually","18":"taxable","19":"shipping-taxable","20":"product-type-auction"},"acf":[],"publishpress_future_workflow_manual_trigger":{"enabledWorkflows":[]},"_links":{"self":[{"href":"https:\/\/jaktmarknad.se\/en\/wp-json\/wp\/v2\/product\/18641","targetHints":{"allow":["GET"]}}],"collection":[{"href":"https:\/\/jaktmarknad.se\/en\/wp-json\/wp\/v2\/product"}],"about":[{"href":"https:\/\/jaktmarknad.se\/en\/wp-json\/wp\/v2\/types\/product"}],"replies":[{"embeddable":true,"href":"https:\/\/jaktmarknad.se\/en\/wp-json\/wp\/v2\/comments?post=18641"}],"version-history":[{"count":5,"href":"https:\/\/jaktmarknad.se\/en\/wp-json\/wp\/v2\/product\/18641\/revisions"}],"predecessor-version":[{"id":18675,"href":"https:\/\/jaktmarknad.se\/en\/wp-json\/wp\/v2\/product\/18641\/revisions\/18675"}],"wp:featuredmedia":[{"embeddable":true,"href":"https:\/\/jaktmarknad.se\/en\/wp-json\/wp\/v2\/media\/18642"}],"wp:attachment":[{"href":"https:\/\/jaktmarknad.se\/en\/wp-json\/wp\/v2\/media?parent=18641"}],"wp:term":[{"taxonomy":"product_brand","embeddable":true,"href":"https:\/\/jaktmarknad.se\/en\/wp-json\/wp\/v2\/product_brand?post=18641"},{"taxonomy":"product_cat","embeddable":true,"href":"https:\/\/jaktmarknad.se\/en\/wp-json\/wp\/v2\/product_cat?post=18641"},{"taxonomy":"product_tag","embeddable":true,"href":"https:\/\/jaktmarknad.se\/en\/wp-json\/wp\/v2\/product_tag?post=18641"},{"taxonomy":"jakttyp","embeddable":true,"href":"https:\/\/jaktmarknad.se\/en\/wp-json\/wp\/v2\/jakttyp?post=18641"},{"taxonomy":"vilttillgang","embeddable":true,"href":"https:\/\/jaktmarknad.se\/en\/wp-json\/wp\/v2\/vilttillgang?post=18641"},{"taxonomy":"omrade","embeddable":true,"href":"https:\/\/jaktmarknad.se\/en\/wp-json\/wp\/v2\/omrade?post=18641"}],"curies":[{"name":"wp","href":"https:\/\/api.w.org\/{rel}","templated":true}]}}