{"id":18204,"date":"2026-03-19T10:50:29","date_gmt":"2026-03-19T09:50:29","guid":{"rendered":"https:\/\/jaktmarknad.se\/?post_type=product&#038;p=18204"},"modified":"2026-03-24T19:25:24","modified_gmt":"2026-03-24T18:25:24","slug":"jaktmark-pa-24-hektar-utanfor-strangnas","status":"publish","type":"product","link":"https:\/\/jaktmarknad.se\/en\/annonser\/jaktmark-pa-24-hektar-utanfor-strangnas\/","title":{"rendered":"Jaktmark p\u00e5 24 hektar utanf\u00f6r Str\u00e4ngn\u00e4s"},"content":{"rendered":"","protected":false},"excerpt":{"rendered":"","protected":false},"featured_media":18207,"comment_status":"closed","ping_status":"closed","template":"","meta":{"_acf_changed":false},"product_brand":[],"product_cat":[15],"product_tag":[],"jakttyp":[30],"vilttillgang":[19,20,22,23,24,21],"omrade":[],"class_list":{"0":"post-18204","1":"product","2":"type-product","3":"status-publish","4":"has-post-thumbnail","6":"product_cat-okategoriserad","7":"jakttyp-jaktrattsupplatelse","8":"vilttillgang-alg","9":"vilttillgang-dovvilt","10":"vilttillgang-kronvilt","11":"vilttillgang-radjur","12":"vilttillgang-smavilt","13":"vilttillgang-vildsvin","15":"first","16":"instock","17":"sold-individually","18":"taxable","19":"shipping-taxable","20":"product-type-auction"},"acf":[],"publishpress_future_workflow_manual_trigger":{"enabledWorkflows":[]},"_links":{"self":[{"href":"https:\/\/jaktmarknad.se\/en\/wp-json\/wp\/v2\/product\/18204","targetHints":{"allow":["GET"]}}],"collection":[{"href":"https:\/\/jaktmarknad.se\/en\/wp-json\/wp\/v2\/product"}],"about":[{"href":"https:\/\/jaktmarknad.se\/en\/wp-json\/wp\/v2\/types\/product"}],"replies":[{"embeddable":true,"href":"https:\/\/jaktmarknad.se\/en\/wp-json\/wp\/v2\/comments?post=18204"}],"version-history":[{"count":6,"href":"https:\/\/jaktmarknad.se\/en\/wp-json\/wp\/v2\/product\/18204\/revisions"}],"predecessor-version":[{"id":18307,"href":"https:\/\/jaktmarknad.se\/en\/wp-json\/wp\/v2\/product\/18204\/revisions\/18307"}],"wp:featuredmedia":[{"embeddable":true,"href":"https:\/\/jaktmarknad.se\/en\/wp-json\/wp\/v2\/media\/18207"}],"wp:attachment":[{"href":"https:\/\/jaktmarknad.se\/en\/wp-json\/wp\/v2\/media?parent=18204"}],"wp:term":[{"taxonomy":"product_brand","embeddable":true,"href":"https:\/\/jaktmarknad.se\/en\/wp-json\/wp\/v2\/product_brand?post=18204"},{"taxonomy":"product_cat","embeddable":true,"href":"https:\/\/jaktmarknad.se\/en\/wp-json\/wp\/v2\/product_cat?post=18204"},{"taxonomy":"product_tag","embeddable":true,"href":"https:\/\/jaktmarknad.se\/en\/wp-json\/wp\/v2\/product_tag?post=18204"},{"taxonomy":"jakttyp","embeddable":true,"href":"https:\/\/jaktmarknad.se\/en\/wp-json\/wp\/v2\/jakttyp?post=18204"},{"taxonomy":"vilttillgang","embeddable":true,"href":"https:\/\/jaktmarknad.se\/en\/wp-json\/wp\/v2\/vilttillgang?post=18204"},{"taxonomy":"omrade","embeddable":true,"href":"https:\/\/jaktmarknad.se\/en\/wp-json\/wp\/v2\/omrade?post=18204"}],"curies":[{"name":"wp","href":"https:\/\/api.w.org\/{rel}","templated":true}]}}