{"id":17941,"date":"2026-02-26T14:25:51","date_gmt":"2026-02-26T13:25:51","guid":{"rendered":"https:\/\/jaktmarknad.se\/?post_type=product&#038;p=17941"},"modified":"2026-03-03T14:12:48","modified_gmt":"2026-03-03T13:12:48","slug":"fageljakten-pa-wapno","status":"publish","type":"product","link":"https:\/\/jaktmarknad.se\/en\/annonser\/fageljakten-pa-wapno\/","title":{"rendered":"Erh\u00e5ll jaktr\u00e4tten p\u00e5 f\u00e5gel \u2013 Wapn\u00f6 Gods"},"content":{"rendered":"","protected":false},"excerpt":{"rendered":"","protected":false},"featured_media":17942,"comment_status":"closed","ping_status":"closed","template":"","meta":{"_acf_changed":false},"product_brand":[],"product_cat":[15],"product_tag":[],"jakttyp":[30],"vilttillgang":[24],"omrade":[],"class_list":{"0":"post-17941","1":"product","2":"type-product","3":"status-publish","4":"has-post-thumbnail","6":"product_cat-okategoriserad","7":"jakttyp-jaktrattsupplatelse","8":"vilttillgang-smavilt","10":"first","11":"instock","12":"sold-individually","13":"taxable","14":"shipping-taxable","15":"product-type-auction"},"acf":[],"publishpress_future_workflow_manual_trigger":{"enabledWorkflows":[]},"_links":{"self":[{"href":"https:\/\/jaktmarknad.se\/en\/wp-json\/wp\/v2\/product\/17941","targetHints":{"allow":["GET"]}}],"collection":[{"href":"https:\/\/jaktmarknad.se\/en\/wp-json\/wp\/v2\/product"}],"about":[{"href":"https:\/\/jaktmarknad.se\/en\/wp-json\/wp\/v2\/types\/product"}],"replies":[{"embeddable":true,"href":"https:\/\/jaktmarknad.se\/en\/wp-json\/wp\/v2\/comments?post=17941"}],"version-history":[{"count":6,"href":"https:\/\/jaktmarknad.se\/en\/wp-json\/wp\/v2\/product\/17941\/revisions"}],"predecessor-version":[{"id":17969,"href":"https:\/\/jaktmarknad.se\/en\/wp-json\/wp\/v2\/product\/17941\/revisions\/17969"}],"wp:featuredmedia":[{"embeddable":true,"href":"https:\/\/jaktmarknad.se\/en\/wp-json\/wp\/v2\/media\/17942"}],"wp:attachment":[{"href":"https:\/\/jaktmarknad.se\/en\/wp-json\/wp\/v2\/media?parent=17941"}],"wp:term":[{"taxonomy":"product_brand","embeddable":true,"href":"https:\/\/jaktmarknad.se\/en\/wp-json\/wp\/v2\/product_brand?post=17941"},{"taxonomy":"product_cat","embeddable":true,"href":"https:\/\/jaktmarknad.se\/en\/wp-json\/wp\/v2\/product_cat?post=17941"},{"taxonomy":"product_tag","embeddable":true,"href":"https:\/\/jaktmarknad.se\/en\/wp-json\/wp\/v2\/product_tag?post=17941"},{"taxonomy":"jakttyp","embeddable":true,"href":"https:\/\/jaktmarknad.se\/en\/wp-json\/wp\/v2\/jakttyp?post=17941"},{"taxonomy":"vilttillgang","embeddable":true,"href":"https:\/\/jaktmarknad.se\/en\/wp-json\/wp\/v2\/vilttillgang?post=17941"},{"taxonomy":"omrade","embeddable":true,"href":"https:\/\/jaktmarknad.se\/en\/wp-json\/wp\/v2\/omrade?post=17941"}],"curies":[{"name":"wp","href":"https:\/\/api.w.org\/{rel}","templated":true}]}}