{"id":17765,"date":"2026-02-21T10:19:54","date_gmt":"2026-02-21T09:19:54","guid":{"rendered":"https:\/\/jaktmarknad.se\/?post_type=product&#038;p=17765"},"modified":"2026-03-04T14:27:29","modified_gmt":"2026-03-04T13:27:29","slug":"lagg-till-rubrik-10","status":"publish","type":"product","link":"https:\/\/jaktmarknad.se\/en\/annonser\/lagg-till-rubrik-10\/","title":{"rendered":"Jaktklubb f\u00f6r nyb\u00f6rjare &#8211; Sk\u00e5ne"},"content":{"rendered":"","protected":false},"excerpt":{"rendered":"","protected":false},"featured_media":17763,"comment_status":"open","ping_status":"closed","template":"","meta":{"_acf_changed":false},"product_brand":[],"product_cat":[15],"product_tag":[],"jakttyp":[31],"vilttillgang":[23,24,21],"omrade":[],"class_list":{"0":"post-17765","1":"product","2":"type-product","3":"status-publish","4":"has-post-thumbnail","6":"product_cat-okategoriserad","7":"jakttyp-korttidsjakt","8":"vilttillgang-radjur","9":"vilttillgang-smavilt","10":"vilttillgang-vildsvin","12":"first","13":"instock","14":"taxable","15":"shipping-taxable","16":"purchasable","17":"product-type-simple"},"acf":[],"publishpress_future_workflow_manual_trigger":{"enabledWorkflows":[]},"_links":{"self":[{"href":"https:\/\/jaktmarknad.se\/en\/wp-json\/wp\/v2\/product\/17765","targetHints":{"allow":["GET"]}}],"collection":[{"href":"https:\/\/jaktmarknad.se\/en\/wp-json\/wp\/v2\/product"}],"about":[{"href":"https:\/\/jaktmarknad.se\/en\/wp-json\/wp\/v2\/types\/product"}],"replies":[{"embeddable":true,"href":"https:\/\/jaktmarknad.se\/en\/wp-json\/wp\/v2\/comments?post=17765"}],"version-history":[{"count":5,"href":"https:\/\/jaktmarknad.se\/en\/wp-json\/wp\/v2\/product\/17765\/revisions"}],"predecessor-version":[{"id":18029,"href":"https:\/\/jaktmarknad.se\/en\/wp-json\/wp\/v2\/product\/17765\/revisions\/18029"}],"wp:featuredmedia":[{"embeddable":true,"href":"https:\/\/jaktmarknad.se\/en\/wp-json\/wp\/v2\/media\/17763"}],"wp:attachment":[{"href":"https:\/\/jaktmarknad.se\/en\/wp-json\/wp\/v2\/media?parent=17765"}],"wp:term":[{"taxonomy":"product_brand","embeddable":true,"href":"https:\/\/jaktmarknad.se\/en\/wp-json\/wp\/v2\/product_brand?post=17765"},{"taxonomy":"product_cat","embeddable":true,"href":"https:\/\/jaktmarknad.se\/en\/wp-json\/wp\/v2\/product_cat?post=17765"},{"taxonomy":"product_tag","embeddable":true,"href":"https:\/\/jaktmarknad.se\/en\/wp-json\/wp\/v2\/product_tag?post=17765"},{"taxonomy":"jakttyp","embeddable":true,"href":"https:\/\/jaktmarknad.se\/en\/wp-json\/wp\/v2\/jakttyp?post=17765"},{"taxonomy":"vilttillgang","embeddable":true,"href":"https:\/\/jaktmarknad.se\/en\/wp-json\/wp\/v2\/vilttillgang?post=17765"},{"taxonomy":"omrade","embeddable":true,"href":"https:\/\/jaktmarknad.se\/en\/wp-json\/wp\/v2\/omrade?post=17765"}],"curies":[{"name":"wp","href":"https:\/\/api.w.org\/{rel}","templated":true}]}}