{"id":17223,"date":"2025-12-22T10:45:14","date_gmt":"2025-12-22T09:45:14","guid":{"rendered":"https:\/\/jaktmarknad.se\/?post_type=product&#038;p=17223"},"modified":"2025-12-29T12:56:17","modified_gmt":"2025-12-29T11:56:17","slug":"jaktmark-pa-177ha-jaktmark-i-sodertalje","status":"publish","type":"product","link":"https:\/\/jaktmarknad.se\/en\/annonser\/jaktmark-pa-177ha-jaktmark-i-sodertalje\/","title":{"rendered":"Jaktmark p\u00e5 173ha jaktmark i S\u00f6dert\u00e4lje"},"content":{"rendered":"","protected":false},"excerpt":{"rendered":"","protected":false},"featured_media":17224,"comment_status":"closed","ping_status":"closed","template":"","meta":{"_acf_changed":false},"product_brand":[],"product_cat":[15],"product_tag":[],"jakttyp":[30],"vilttillgang":[19,20,22,23,24,21],"omrade":[],"class_list":{"0":"post-17223","1":"product","2":"type-product","3":"status-publish","4":"has-post-thumbnail","6":"product_cat-okategoriserad","7":"jakttyp-jaktrattsupplatelse","8":"vilttillgang-alg","9":"vilttillgang-dovvilt","10":"vilttillgang-kronvilt","11":"vilttillgang-radjur","12":"vilttillgang-smavilt","13":"vilttillgang-vildsvin","15":"first","16":"instock","17":"sold-individually","18":"taxable","19":"shipping-taxable","20":"product-type-auction"},"acf":[],"publishpress_future_workflow_manual_trigger":{"enabledWorkflows":[]},"_links":{"self":[{"href":"https:\/\/jaktmarknad.se\/en\/wp-json\/wp\/v2\/product\/17223","targetHints":{"allow":["GET"]}}],"collection":[{"href":"https:\/\/jaktmarknad.se\/en\/wp-json\/wp\/v2\/product"}],"about":[{"href":"https:\/\/jaktmarknad.se\/en\/wp-json\/wp\/v2\/types\/product"}],"replies":[{"embeddable":true,"href":"https:\/\/jaktmarknad.se\/en\/wp-json\/wp\/v2\/comments?post=17223"}],"version-history":[{"count":13,"href":"https:\/\/jaktmarknad.se\/en\/wp-json\/wp\/v2\/product\/17223\/revisions"}],"predecessor-version":[{"id":17271,"href":"https:\/\/jaktmarknad.se\/en\/wp-json\/wp\/v2\/product\/17223\/revisions\/17271"}],"wp:featuredmedia":[{"embeddable":true,"href":"https:\/\/jaktmarknad.se\/en\/wp-json\/wp\/v2\/media\/17224"}],"wp:attachment":[{"href":"https:\/\/jaktmarknad.se\/en\/wp-json\/wp\/v2\/media?parent=17223"}],"wp:term":[{"taxonomy":"product_brand","embeddable":true,"href":"https:\/\/jaktmarknad.se\/en\/wp-json\/wp\/v2\/product_brand?post=17223"},{"taxonomy":"product_cat","embeddable":true,"href":"https:\/\/jaktmarknad.se\/en\/wp-json\/wp\/v2\/product_cat?post=17223"},{"taxonomy":"product_tag","embeddable":true,"href":"https:\/\/jaktmarknad.se\/en\/wp-json\/wp\/v2\/product_tag?post=17223"},{"taxonomy":"jakttyp","embeddable":true,"href":"https:\/\/jaktmarknad.se\/en\/wp-json\/wp\/v2\/jakttyp?post=17223"},{"taxonomy":"vilttillgang","embeddable":true,"href":"https:\/\/jaktmarknad.se\/en\/wp-json\/wp\/v2\/vilttillgang?post=17223"},{"taxonomy":"omrade","embeddable":true,"href":"https:\/\/jaktmarknad.se\/en\/wp-json\/wp\/v2\/omrade?post=17223"}],"curies":[{"name":"wp","href":"https:\/\/api.w.org\/{rel}","templated":true}]}}