{"id":16751,"date":"2025-10-09T10:17:06","date_gmt":"2025-10-09T08:17:06","guid":{"rendered":"https:\/\/jaktmarknad.se\/?post_type=product&#038;p=16751"},"modified":"2025-10-09T10:34:46","modified_gmt":"2025-10-09T08:34:46","slug":"vakjakt-pa-vildsvin-i-sodra-smaland","status":"publish","type":"product","link":"https:\/\/jaktmarknad.se\/en\/annonser\/vakjakt-pa-vildsvin-i-sodra-smaland\/","title":{"rendered":"Vakjakt p\u00e5 Vildsvin i S\u00f6dra Sm\u00e5land"},"content":{"rendered":"","protected":false},"excerpt":{"rendered":"","protected":false},"featured_media":16752,"comment_status":"open","ping_status":"closed","template":"","meta":{"_acf_changed":false},"product_brand":[],"product_cat":[15],"product_tag":[],"jakttyp":[31],"vilttillgang":[24,21],"omrade":[],"class_list":{"0":"post-16751","1":"product","2":"type-product","3":"status-publish","4":"has-post-thumbnail","6":"product_cat-okategoriserad","7":"jakttyp-korttidsjakt","8":"vilttillgang-smavilt","9":"vilttillgang-vildsvin","11":"first","12":"instock","13":"taxable","14":"shipping-taxable","15":"purchasable","16":"product-type-simple"},"acf":[],"publishpress_future_workflow_manual_trigger":{"enabledWorkflows":[]},"_links":{"self":[{"href":"https:\/\/jaktmarknad.se\/en\/wp-json\/wp\/v2\/product\/16751","targetHints":{"allow":["GET"]}}],"collection":[{"href":"https:\/\/jaktmarknad.se\/en\/wp-json\/wp\/v2\/product"}],"about":[{"href":"https:\/\/jaktmarknad.se\/en\/wp-json\/wp\/v2\/types\/product"}],"replies":[{"embeddable":true,"href":"https:\/\/jaktmarknad.se\/en\/wp-json\/wp\/v2\/comments?post=16751"}],"version-history":[{"count":6,"href":"https:\/\/jaktmarknad.se\/en\/wp-json\/wp\/v2\/product\/16751\/revisions"}],"predecessor-version":[{"id":16773,"href":"https:\/\/jaktmarknad.se\/en\/wp-json\/wp\/v2\/product\/16751\/revisions\/16773"}],"wp:featuredmedia":[{"embeddable":true,"href":"https:\/\/jaktmarknad.se\/en\/wp-json\/wp\/v2\/media\/16752"}],"wp:attachment":[{"href":"https:\/\/jaktmarknad.se\/en\/wp-json\/wp\/v2\/media?parent=16751"}],"wp:term":[{"taxonomy":"product_brand","embeddable":true,"href":"https:\/\/jaktmarknad.se\/en\/wp-json\/wp\/v2\/product_brand?post=16751"},{"taxonomy":"product_cat","embeddable":true,"href":"https:\/\/jaktmarknad.se\/en\/wp-json\/wp\/v2\/product_cat?post=16751"},{"taxonomy":"product_tag","embeddable":true,"href":"https:\/\/jaktmarknad.se\/en\/wp-json\/wp\/v2\/product_tag?post=16751"},{"taxonomy":"jakttyp","embeddable":true,"href":"https:\/\/jaktmarknad.se\/en\/wp-json\/wp\/v2\/jakttyp?post=16751"},{"taxonomy":"vilttillgang","embeddable":true,"href":"https:\/\/jaktmarknad.se\/en\/wp-json\/wp\/v2\/vilttillgang?post=16751"},{"taxonomy":"omrade","embeddable":true,"href":"https:\/\/jaktmarknad.se\/en\/wp-json\/wp\/v2\/omrade?post=16751"}],"curies":[{"name":"wp","href":"https:\/\/api.w.org\/{rel}","templated":true}]}}