{"id":14581,"date":"2025-04-24T16:27:35","date_gmt":"2025-04-24T14:27:35","guid":{"rendered":"https:\/\/jaktmarknad.se\/?post_type=product&#038;p=14581"},"modified":"2025-04-25T15:00:17","modified_gmt":"2025-04-25T13:00:17","slug":"jaktmark-pa-269-hektar-i-ostergotland","status":"publish","type":"product","link":"https:\/\/jaktmarknad.se\/en\/annonser\/jaktmark-pa-269-hektar-i-ostergotland\/","title":{"rendered":"Jaktmark p\u00e5 269 hektar i \u00d6sterg\u00f6tland"},"content":{"rendered":"","protected":false},"excerpt":{"rendered":"","protected":false},"featured_media":14584,"comment_status":"closed","ping_status":"closed","template":"","meta":{"_acf_changed":false},"product_brand":[],"product_cat":[15],"product_tag":[],"jakttyp":[30],"vilttillgang":[19,20,22,23,24,21],"omrade":[],"class_list":{"0":"post-14581","1":"product","2":"type-product","3":"status-publish","4":"has-post-thumbnail","6":"product_cat-okategoriserad","7":"jakttyp-jaktrattsupplatelse","8":"vilttillgang-alg","9":"vilttillgang-dovvilt","10":"vilttillgang-kronvilt","11":"vilttillgang-radjur","12":"vilttillgang-smavilt","13":"vilttillgang-vildsvin","15":"first","16":"instock","17":"sold-individually","18":"taxable","19":"shipping-taxable","20":"product-type-auction"},"acf":[],"publishpress_future_workflow_manual_trigger":{"enabledWorkflows":[]},"_links":{"self":[{"href":"https:\/\/jaktmarknad.se\/en\/wp-json\/wp\/v2\/product\/14581","targetHints":{"allow":["GET"]}}],"collection":[{"href":"https:\/\/jaktmarknad.se\/en\/wp-json\/wp\/v2\/product"}],"about":[{"href":"https:\/\/jaktmarknad.se\/en\/wp-json\/wp\/v2\/types\/product"}],"replies":[{"embeddable":true,"href":"https:\/\/jaktmarknad.se\/en\/wp-json\/wp\/v2\/comments?post=14581"}],"version-history":[{"count":20,"href":"https:\/\/jaktmarknad.se\/en\/wp-json\/wp\/v2\/product\/14581\/revisions"}],"predecessor-version":[{"id":14634,"href":"https:\/\/jaktmarknad.se\/en\/wp-json\/wp\/v2\/product\/14581\/revisions\/14634"}],"wp:featuredmedia":[{"embeddable":true,"href":"https:\/\/jaktmarknad.se\/en\/wp-json\/wp\/v2\/media\/14584"}],"wp:attachment":[{"href":"https:\/\/jaktmarknad.se\/en\/wp-json\/wp\/v2\/media?parent=14581"}],"wp:term":[{"taxonomy":"product_brand","embeddable":true,"href":"https:\/\/jaktmarknad.se\/en\/wp-json\/wp\/v2\/product_brand?post=14581"},{"taxonomy":"product_cat","embeddable":true,"href":"https:\/\/jaktmarknad.se\/en\/wp-json\/wp\/v2\/product_cat?post=14581"},{"taxonomy":"product_tag","embeddable":true,"href":"https:\/\/jaktmarknad.se\/en\/wp-json\/wp\/v2\/product_tag?post=14581"},{"taxonomy":"jakttyp","embeddable":true,"href":"https:\/\/jaktmarknad.se\/en\/wp-json\/wp\/v2\/jakttyp?post=14581"},{"taxonomy":"vilttillgang","embeddable":true,"href":"https:\/\/jaktmarknad.se\/en\/wp-json\/wp\/v2\/vilttillgang?post=14581"},{"taxonomy":"omrade","embeddable":true,"href":"https:\/\/jaktmarknad.se\/en\/wp-json\/wp\/v2\/omrade?post=14581"}],"curies":[{"name":"wp","href":"https:\/\/api.w.org\/{rel}","templated":true}]}}